{"id":22,"date":"2024-11-27T06:37:50","date_gmt":"2024-11-27T06:37:50","guid":{"rendered":"https:\/\/carolin-feist.de\/?page_id=22"},"modified":"2024-11-27T06:37:50","modified_gmt":"2024-11-27T06:37:50","slug":"aktuelles","status":"publish","type":"page","link":"https:\/\/carolin-feist.de\/?page_id=22","title":{"rendered":"Aktuelles"},"content":{"rendered":"\n<p><\/p>\n\n\n\n<p><strong>Geburtsvorbereitungskurse<\/strong><\/p>\n\n\n\n<p><strong>Zeit: 18.00-20.00 Uhr<\/strong><\/p>\n\n\n\n<p><strong>Ort:&nbsp; Fasaneninsel 3<\/strong><\/p>\n\n\n\n<p><strong>&nbsp; &nbsp; &nbsp; &nbsp; &nbsp;07548 Gera<\/strong><\/p>\n\n\n\n<p><strong>&nbsp; &nbsp; &nbsp; &nbsp; (R\u00e4ume von &#8222;Fit mit Rose&#8220;)<\/strong><\/p>\n\n\n\n<p><strong>Dauer: 7x 2 Std <\/strong>(davon 4x mit Partner, incl. Krei\u00dfsaalf\u00fchrung)<\/p>\n\n\n\n<p>Bei Interesse, meldet euch gerne telefonisch oder via Email. \ud83d\ude42<\/p>\n\n\n\n<p><strong>Anmeldung<\/strong>: 017630469354<\/p>\n\n\n\n<p>oder \u00fcber Kontakt<\/p>\n","protected":false},"excerpt":{"rendered":"<p>Geburtsvorbereitungskurse Zeit: 18.00-20.00 Uhr Ort:&nbsp; Fasaneninsel 3 &nbsp; &nbsp; &nbsp; &nbsp; &nbsp;07548 Gera &nbsp; &nbsp; &nbsp; &nbsp; (R\u00e4ume von &#8222;Fit mit Rose&#8220;) Dauer: 7x 2 Std (davon 4x mit Partner, incl. Krei\u00dfsaalf\u00fchrung) Bei Interesse, meldet euch gerne telefonisch oder via Email. \ud83d\ude42 Anmeldung: 017630469354 oder \u00fcber Kontakt<\/p>\n","protected":false},"author":1,"featured_media":0,"parent":0,"menu_order":0,"comment_status":"closed","ping_status":"closed","template":"","meta":{"footnotes":""},"class_list":["post-22","page","type-page","status-publish","hentry"],"_links":{"self":[{"href":"https:\/\/carolin-feist.de\/index.php?rest_route=\/wp\/v2\/pages\/22","targetHints":{"allow":["GET"]}}],"collection":[{"href":"https:\/\/carolin-feist.de\/index.php?rest_route=\/wp\/v2\/pages"}],"about":[{"href":"https:\/\/carolin-feist.de\/index.php?rest_route=\/wp\/v2\/types\/page"}],"author":[{"embeddable":true,"href":"https:\/\/carolin-feist.de\/index.php?rest_route=\/wp\/v2\/users\/1"}],"replies":[{"embeddable":true,"href":"https:\/\/carolin-feist.de\/index.php?rest_route=%2Fwp%2Fv2%2Fcomments&post=22"}],"version-history":[{"count":1,"href":"https:\/\/carolin-feist.de\/index.php?rest_route=\/wp\/v2\/pages\/22\/revisions"}],"predecessor-version":[{"id":23,"href":"https:\/\/carolin-feist.de\/index.php?rest_route=\/wp\/v2\/pages\/22\/revisions\/23"}],"wp:attachment":[{"href":"https:\/\/carolin-feist.de\/index.php?rest_route=%2Fwp%2Fv2%2Fmedia&parent=22"}],"curies":[{"name":"wp","href":"https:\/\/api.w.org\/{rel}","templated":true}]}}