{"id":20,"date":"2024-11-27T06:37:16","date_gmt":"2024-11-27T06:37:16","guid":{"rendered":"https:\/\/carolin-feist.de\/?page_id=20"},"modified":"2024-11-27T06:37:16","modified_gmt":"2024-11-27T06:37:16","slug":"babymassage","status":"publish","type":"page","link":"https:\/\/carolin-feist.de\/?page_id=20","title":{"rendered":"Babymassage"},"content":{"rendered":"\n<h3 class=\"wp-block-heading\"><strong>Babymassage &#8211; die Kunst der sanften Ber\u00fchrung<\/strong><\/h3>\n\n\n\n<figure class=\"wp-block-image\"><img decoding=\"async\" src=\"https:\/\/carolin-feist.de\/old\/images\/fotolia_13084550_xs.jpg\" alt=\"\"\/><\/figure>\n\n\n\n<p><br><strong>\u201eLiebe geht durch die Haut\u201c.<\/strong><\/p>\n\n\n\n<p>Es gibt wohl kaum etwas, das gl\u00fccklicher macht, als gestreichelt, massiert oder in den Arm genommen zu werden. Kaum etwas tr\u00f6stet mehr und macht zufriedener, wenn es einem schlecht geht.<\/p>\n\n\n\n<p>Z\u00e4rtliche Ber\u00fchrungen liefern, wonach sich ganz sicher jeder Mensch sehnt: Liebe, Geborgenheit. Trost und Sicherheit.&nbsp;&nbsp; Auch Ihre Kinder sehnen sich danach.<\/p>\n\n\n\n<p><br>Durch die Babymassage werden die Herz-Kreislauf-Funktion, sowie die Durchblutung der Haut und der Muskeln angeregt. Die Atmung ist intensiver und der Verdauungstrakt wird stimuliert, weshalb die Massage besonders f\u00fcr Babys mit Bl\u00e4hungen sehr hilfreich sein kann.<\/p>\n\n\n\n<p><br>In diesem Kurs lernen Sie in wohliger Atmosph\u00e4re die Grundlagen der Babymassage kennen. Sehr fr\u00fch nehmen Kinder auch untereinander Kontakt auf.<\/p>\n","protected":false},"excerpt":{"rendered":"<p>Babymassage &#8211; die Kunst der sanften Ber\u00fchrung \u201eLiebe geht durch die Haut\u201c. Es gibt wohl kaum etwas, das gl\u00fccklicher macht, als gestreichelt, massiert oder in den Arm genommen zu werden. Kaum etwas tr\u00f6stet mehr und macht zufriedener, wenn es einem schlecht geht. Z\u00e4rtliche Ber\u00fchrungen liefern, wonach sich ganz sicher jeder Mensch sehnt: Liebe, Geborgenheit. Trost &hellip; <a href=\"https:\/\/carolin-feist.de\/?page_id=20\" class=\"more-link\"><span class=\"screen-reader-text\">\u201eBabymassage\u201c <\/span>weiterlesen<\/a><\/p>\n","protected":false},"author":1,"featured_media":0,"parent":0,"menu_order":0,"comment_status":"closed","ping_status":"closed","template":"","meta":{"footnotes":""},"class_list":["post-20","page","type-page","status-publish","hentry"],"_links":{"self":[{"href":"https:\/\/carolin-feist.de\/index.php?rest_route=\/wp\/v2\/pages\/20","targetHints":{"allow":["GET"]}}],"collection":[{"href":"https:\/\/carolin-feist.de\/index.php?rest_route=\/wp\/v2\/pages"}],"about":[{"href":"https:\/\/carolin-feist.de\/index.php?rest_route=\/wp\/v2\/types\/page"}],"author":[{"embeddable":true,"href":"https:\/\/carolin-feist.de\/index.php?rest_route=\/wp\/v2\/users\/1"}],"replies":[{"embeddable":true,"href":"https:\/\/carolin-feist.de\/index.php?rest_route=%2Fwp%2Fv2%2Fcomments&post=20"}],"version-history":[{"count":1,"href":"https:\/\/carolin-feist.de\/index.php?rest_route=\/wp\/v2\/pages\/20\/revisions"}],"predecessor-version":[{"id":21,"href":"https:\/\/carolin-feist.de\/index.php?rest_route=\/wp\/v2\/pages\/20\/revisions\/21"}],"wp:attachment":[{"href":"https:\/\/carolin-feist.de\/index.php?rest_route=%2Fwp%2Fv2%2Fmedia&parent=20"}],"curies":[{"name":"wp","href":"https:\/\/api.w.org\/{rel}","templated":true}]}}