{"id":18,"date":"2024-11-27T06:36:03","date_gmt":"2024-11-27T06:36:03","guid":{"rendered":"https:\/\/carolin-feist.de\/?page_id=18"},"modified":"2024-11-27T06:56:41","modified_gmt":"2024-11-27T06:56:41","slug":"stillprobleme","status":"publish","type":"page","link":"https:\/\/carolin-feist.de\/?page_id=18","title":{"rendered":"Stillprobleme"},"content":{"rendered":"\n<p><strong>Hilfe bei Still- und Ern\u00e4hrungsfragen<\/strong><\/p>\n\n\n\n<p>In der gesamten Stillphase k\u00f6nnen Sie mich um Rat fragen, da es auch nach der 8. Lebenswoche zu Fragen und Problemen beim Stillen oder bei der Ern\u00e4hrung mit Flaschennahrung kommen kann.<\/p>\n\n\n\n<p><br>Bis zu 8 Beratungen sind auch nach Ablauf der ersten 8 Wochen mit der Krankenkasse abrechenbar. <a href=\"https:\/\/carolin-feist.de\/?page_id=24\" data-type=\"page\" data-id=\"24\">Rufen Sie mich an<\/a>, ich bin gerne bereit Sie auch bei dieser Problematik zu unterst\u00fctzen.<\/p>\n\n\n\n<figure class=\"wp-block-image\"><img decoding=\"async\" src=\"https:\/\/carolin-feist.de\/old\/images\/fotolia_17374474_xs.jpg\" alt=\"\"\/><\/figure>\n","protected":false},"excerpt":{"rendered":"<p>Hilfe bei Still- und Ern\u00e4hrungsfragen In der gesamten Stillphase k\u00f6nnen Sie mich um Rat fragen, da es auch nach der 8. Lebenswoche zu Fragen und Problemen beim Stillen oder bei der Ern\u00e4hrung mit Flaschennahrung kommen kann. Bis zu 8 Beratungen sind auch nach Ablauf der ersten 8 Wochen mit der Krankenkasse abrechenbar. Rufen Sie mich &hellip; <a href=\"https:\/\/carolin-feist.de\/?page_id=18\" class=\"more-link\"><span class=\"screen-reader-text\">\u201eStillprobleme\u201c <\/span>weiterlesen<\/a><\/p>\n","protected":false},"author":1,"featured_media":0,"parent":0,"menu_order":0,"comment_status":"closed","ping_status":"closed","template":"","meta":{"footnotes":""},"class_list":["post-18","page","type-page","status-publish","hentry"],"_links":{"self":[{"href":"https:\/\/carolin-feist.de\/index.php?rest_route=\/wp\/v2\/pages\/18","targetHints":{"allow":["GET"]}}],"collection":[{"href":"https:\/\/carolin-feist.de\/index.php?rest_route=\/wp\/v2\/pages"}],"about":[{"href":"https:\/\/carolin-feist.de\/index.php?rest_route=\/wp\/v2\/types\/page"}],"author":[{"embeddable":true,"href":"https:\/\/carolin-feist.de\/index.php?rest_route=\/wp\/v2\/users\/1"}],"replies":[{"embeddable":true,"href":"https:\/\/carolin-feist.de\/index.php?rest_route=%2Fwp%2Fv2%2Fcomments&post=18"}],"version-history":[{"count":2,"href":"https:\/\/carolin-feist.de\/index.php?rest_route=\/wp\/v2\/pages\/18\/revisions"}],"predecessor-version":[{"id":63,"href":"https:\/\/carolin-feist.de\/index.php?rest_route=\/wp\/v2\/pages\/18\/revisions\/63"}],"wp:attachment":[{"href":"https:\/\/carolin-feist.de\/index.php?rest_route=%2Fwp%2Fv2%2Fmedia&parent=18"}],"curies":[{"name":"wp","href":"https:\/\/api.w.org\/{rel}","templated":true}]}}